{"id":2,"date":"2022-04-11T13:33:03","date_gmt":"2022-04-11T11:33:03","guid":{"rendered":"https:\/\/arbetaren.test\/arkivet\/?page_id=2"},"modified":"2022-09-29T08:26:19","modified_gmt":"2022-09-29T06:26:19","slug":"arbetarens-digitala-arkiv","status":"publish","type":"page","link":"https:\/\/www.arbetaren.se\/arkivet\/arbetarens-digitala-arkiv\/","title":{"rendered":"V\u00e4lkommen till Arbetarens digitala arkiv!"},"content":{"rendered":"<p>H\u00e4r hittar du samtliga tidningssidor fr\u00e5n Arbetarens 35 f\u00f6rsta \u00e5rg\u00e5ngar, \u00e5ren 1922-1957. S\u00f6k p\u00e5 valfritt ord eller bl\u00e4ddra \u00e5r f\u00f6r \u00e5r. Dyk ner i arkivet och ta del av nyheter, kr\u00f6nikor, satirbilder och annonser fr\u00e5n Arbetarens allra f\u00f6rsta start. Eller s\u00f6k fram texter fr\u00e5n n\u00e5gra av Arbetarens mest \u00e4lskade skribenter, som <strong>Elise \u201cOttar\u201d Ottesen-Jensen<\/strong>, <strong>Stig Dagerman<\/strong> och <strong>Vilhelm Moberg<\/strong>.<\/p><p>Det digitala arkivet best\u00e5r av cirka 99&nbsp;000 digitaliserade tidningssidor f\u00f6rdelade p\u00e5 9 000 tidningsnummer. Det lanserades i oktober 2022 i samband med tidningens hundra\u00e5rsjubileum. Scanningen gjordes i samarbete med Kungliga biblioteket och Riksarkivet och m\u00f6jliggjordes med finansiering fr\u00e5n SAC och Federativs f\u00f6rlagshus. M\u00e5let \u00e4r att i framtiden \u00e4ven kunna finansiera en digitalisering av \u00e5rg\u00e5ngarna 1958 och fram\u00e5t.<\/p><p>Du kan ocks\u00e5 f\u00e5 tillg\u00e5ng till arkivet genom att bes\u00f6ka Kungliga biblioteket eller en av dess filialer. L\u00e4s mer p\u00e5 <a href=\"http:\/\/www.kb.se\">www.kb.se<\/a>.<\/p><p>Vill du veta mer om Arbetarens historia? Nu finns v\u00e5r jubileumsbok <strong>Arbetaren \u2013 100 \u00e5r som fri tidning<\/strong> ute i handeln. L\u00e4s mer p\u00e5 <a href=\"http:\/\/www.federativsforlag.se\">www.federativsforlag.se<\/a>.<\/p>","protected":false},"excerpt":{"rendered":"<p>H\u00e4r hittar du samtliga tidningssidor fr\u00e5n Arbetarens 35 f\u00f6rsta \u00e5rg\u00e5ngar, \u00e5ren 1922-1957. S\u00f6k p\u00e5 valfritt ord eller bl\u00e4ddra \u00e5r f\u00f6r \u00e5r. Dyk ner i arkivet och ta del av nyheter, kr\u00f6nikor, satirbilder och annonser fr\u00e5n Arbetarens allra f\u00f6rsta start. Eller s\u00f6k fram texter fr\u00e5n n\u00e5gra av Arbetarens mest \u00e4lskade skribenter, som Elise \u201cOttar\u201d Ottesen-Jensen, Stig [&hellip;]<\/p>\n","protected":false},"author":2,"featured_media":0,"parent":0,"menu_order":0,"comment_status":"closed","ping_status":"closed","template":"","meta":{"ep_exclude_from_search":false,"footnotes":""},"class_list":["post-2","page","type-page","status-publish","hentry"],"_links":{"self":[{"href":"https:\/\/www.arbetaren.se\/arkivet\/wp-json\/wp\/v2\/pages\/2"}],"collection":[{"href":"https:\/\/www.arbetaren.se\/arkivet\/wp-json\/wp\/v2\/pages"}],"about":[{"href":"https:\/\/www.arbetaren.se\/arkivet\/wp-json\/wp\/v2\/types\/page"}],"author":[{"embeddable":true,"href":"https:\/\/www.arbetaren.se\/arkivet\/wp-json\/wp\/v2\/users\/2"}],"replies":[{"embeddable":true,"href":"https:\/\/www.arbetaren.se\/arkivet\/wp-json\/wp\/v2\/comments?post=2"}],"version-history":[{"count":3,"href":"https:\/\/www.arbetaren.se\/arkivet\/wp-json\/wp\/v2\/pages\/2\/revisions"}],"predecessor-version":[{"id":29629,"href":"https:\/\/www.arbetaren.se\/arkivet\/wp-json\/wp\/v2\/pages\/2\/revisions\/29629"}],"wp:attachment":[{"href":"https:\/\/www.arbetaren.se\/arkivet\/wp-json\/wp\/v2\/media?parent=2"}],"curies":[{"name":"wp","href":"https:\/\/api.w.org\/{rel}","templated":true}]}}